{"id":272,"date":"2023-03-06T18:42:43","date_gmt":"2023-03-06T10:42:43","guid":{"rendered":"https:\/\/dennys.santa.tw\/?page_id=272"},"modified":"2025-11-18T11:42:44","modified_gmt":"2025-11-18T03:42:44","slug":"about","status":"publish","type":"page","link":"https:\/\/dhmhydraulic.com\/fr\/about\/","title":{"rendered":"\u00e0 propos de DHM"},"content":{"rendered":"<div data-elementor-type=\"wp-page\" data-elementor-id=\"272\" class=\"elementor elementor-272\" data-elementor-settings=\"{&quot;element_pack_global_tooltip_width&quot;:{&quot;unit&quot;:&quot;px&quot;,&quot;size&quot;:&quot;&quot;,&quot;sizes&quot;:[]},&quot;element_pack_global_tooltip_width_tablet&quot;:{&quot;unit&quot;:&quot;px&quot;,&quot;size&quot;:&quot;&quot;,&quot;sizes&quot;:[]},&quot;element_pack_global_tooltip_width_mobile&quot;:{&quot;unit&quot;:&quot;px&quot;,&quot;size&quot;:&quot;&quot;,&quot;sizes&quot;:[]},&quot;element_pack_global_tooltip_padding&quot;:{&quot;unit&quot;:&quot;px&quot;,&quot;top&quot;:&quot;&quot;,&quot;right&quot;:&quot;&quot;,&quot;bottom&quot;:&quot;&quot;,&quot;left&quot;:&quot;&quot;,&quot;isLinked&quot;:true},&quot;element_pack_global_tooltip_padding_tablet&quot;:{&quot;unit&quot;:&quot;px&quot;,&quot;top&quot;:&quot;&quot;,&quot;right&quot;:&quot;&quot;,&quot;bottom&quot;:&quot;&quot;,&quot;left&quot;:&quot;&quot;,&quot;isLinked&quot;:true},&quot;element_pack_global_tooltip_padding_mobile&quot;:{&quot;unit&quot;:&quot;px&quot;,&quot;top&quot;:&quot;&quot;,&quot;right&quot;:&quot;&quot;,&quot;bottom&quot;:&quot;&quot;,&quot;left&quot;:&quot;&quot;,&quot;isLinked&quot;:true},&quot;element_pack_global_tooltip_border_radius&quot;:{&quot;unit&quot;:&quot;px&quot;,&quot;top&quot;:&quot;&quot;,&quot;right&quot;:&quot;&quot;,&quot;bottom&quot;:&quot;&quot;,&quot;left&quot;:&quot;&quot;,&quot;isLinked&quot;:true},&quot;element_pack_global_tooltip_border_radius_tablet&quot;:{&quot;unit&quot;:&quot;px&quot;,&quot;top&quot;:&quot;&quot;,&quot;right&quot;:&quot;&quot;,&quot;bottom&quot;:&quot;&quot;,&quot;left&quot;:&quot;&quot;,&quot;isLinked&quot;:true},&quot;element_pack_global_tooltip_border_radius_mobile&quot;:{&quot;unit&quot;:&quot;px&quot;,&quot;top&quot;:&quot;&quot;,&quot;right&quot;:&quot;&quot;,&quot;bottom&quot;:&quot;&quot;,&quot;left&quot;:&quot;&quot;,&quot;isLinked&quot;:true}}\" data-elementor-post-type=\"page\">\n\t\t\t\t\t\t<section class=\"elementor-section elementor-top-section elementor-element elementor-element-87720ed elementor-section-boxed elementor-section-height-default elementor-section-height-default\" data-id=\"87720ed\" data-element_type=\"section\" data-e-type=\"section\">\n\t\t\t\t\t\t<div class=\"elementor-container elementor-column-gap-default\">\n\t\t\t\t\t<div class=\"elementor-column elementor-col-100 elementor-top-column elementor-element elementor-element-a0783a7\" data-id=\"a0783a7\" data-element_type=\"column\" data-e-type=\"column\">\n\t\t\t<div class=\"elementor-widget-wrap elementor-element-populated\">\n\t\t\t\t\t\t<div class=\"elementor-element elementor-element-2ade5ac elementor-widget elementor-widget-heading\" data-id=\"2ade5ac\" data-element_type=\"widget\" data-e-type=\"widget\" data-widget_type=\"heading.default\">\n\t\t\t\t<div class=\"elementor-widget-container\">\n\t\t\t\t\t<h2 class=\"elementor-heading-title elementor-size-default\">\u00c0 propos de DHM <\/h2>\t\t\t\t<\/div>\n\t\t\t\t<\/div>\n\t\t\t\t<div class=\"elementor-element elementor-element-a3ca898 elementor-widget-divider--view-line elementor-widget elementor-widget-divider\" data-id=\"a3ca898\" data-element_type=\"widget\" data-e-type=\"widget\" data-widget_type=\"divider.default\">\n\t\t\t\t<div class=\"elementor-widget-container\">\n\t\t\t\t\t\t\t<div class=\"elementor-divider\">\n\t\t\t<span class=\"elementor-divider-separator\">\n\t\t\t\t\t\t<\/span>\n\t\t<\/div>\n\t\t\t\t\t\t<\/div>\n\t\t\t\t<\/div>\n\t\t<!-- dce invisible element 8bb588a -->\t\t<div class=\"elementor-element elementor-element-b41a4a1 elementor-widget elementor-widget-text-editor\" data-id=\"b41a4a1\" data-element_type=\"widget\" data-e-type=\"widget\" data-no-translation=\"\" data-widget_type=\"text-editor.default\">\n\t\t\t\t<div class=\"elementor-widget-container\">\n\t\t\t\t\t<style>.elementor-element-b41a4a1{display:none !important}<\/style>\t\t\t\t<\/div>\n\t\t\t\t<\/div>\n\t\t<!-- dce invisible element d2e0e90 -->\t\t<div class=\"elementor-element elementor-element-983459c elementor-widget elementor-widget-text-editor\" data-id=\"983459c\" data-element_type=\"widget\" data-e-type=\"widget\" data-no-translation=\"\" data-widget_type=\"text-editor.default\">\n\t\t\t\t<div class=\"elementor-widget-container\">\n\t\t\t\t\t<style>.elementor-element-983459c{display:none !important}<\/style>\t\t\t\t<\/div>\n\t\t\t\t<\/div>\n\t\t<!-- dce invisible element de90b07 -->\t\t<div class=\"elementor-element elementor-element-a54617f elementor-widget elementor-widget-text-editor\" data-id=\"a54617f\" data-element_type=\"widget\" data-e-type=\"widget\" data-no-translation=\"\" data-widget_type=\"text-editor.default\">\n\t\t\t\t<div class=\"elementor-widget-container\">\n\t\t\t\t\t<style>.elementor-element-a54617f{display:none !important}<\/style>\t\t\t\t<\/div>\n\t\t\t\t<\/div>\n\t\t<!-- dce invisible element 490c10f -->\t\t<div class=\"elementor-element elementor-element-19237bd elementor-widget elementor-widget-text-editor\" data-id=\"19237bd\" data-element_type=\"widget\" data-e-type=\"widget\" data-no-translation=\"\" data-widget_type=\"text-editor.default\">\n\t\t\t\t<div class=\"elementor-widget-container\">\n\t\t\t\t\t<style>.elementor-element-19237bd{display:none !important}<\/style>\t\t\t\t<\/div>\n\t\t\t\t<\/div>\n\t\t<!-- dce invisible element 357f1ab -->\t\t<div class=\"elementor-element elementor-element-a1edc7c elementor-widget elementor-widget-text-editor\" data-id=\"a1edc7c\" data-element_type=\"widget\" data-e-type=\"widget\" data-no-translation=\"\" data-widget_type=\"text-editor.default\">\n\t\t\t\t<div class=\"elementor-widget-container\">\n\t\t\t\t\t<style>.elementor-element-a1edc7c{display:none !important}<\/style>\t\t\t\t<\/div>\n\t\t\t\t<\/div>\n\t\t<!-- dce invisible element 9ad8794 -->\t\t<div class=\"elementor-element elementor-element-78dfb1f elementor-widget elementor-widget-text-editor\" data-id=\"78dfb1f\" data-element_type=\"widget\" data-e-type=\"widget\" data-no-translation=\"\" data-widget_type=\"text-editor.default\">\n\t\t\t\t<div class=\"elementor-widget-container\">\n\t\t\t\t\t\t\t\t\t<p>DHM hydraulique est un fournisseur leader d&#8217;\u00e9quipements hydrauliques authentiques avec plus de 15 ans d&#8217;exp\u00e9rience, situ\u00e9 dans la ville de Kaohsiung. Ta\u00efwan.<\/p><p>Nous proposons une large gamme d&#8217;\u00e9quipements hydrauliques, notamment des pompes hydrauliques, des moteurs et des vannes utilis\u00e9s pour la construction, l&#8217;agriculture, la marine et les machines industrielles. Non seulement nous fournissons des \u00e9quipements \u00e0 la fine pointe de la technologie, mais nous donnons \u00e9galement \u00e0 nos clients la possibilit\u00e9 d&#8217;acheter des pi\u00e8ces d&#8217;origine usag\u00e9es de diff\u00e9rentes marques \u00e0 des prix tr\u00e8s comp\u00e9titifs.<\/p><p>Parcourez notre page de produits aujourd&#8217;hui et trouvez ce que vous cherchez. Si vous avez besoin d&#8217;une pi\u00e8ce sp\u00e9cifique et que vous ne la trouvez pas, n&#8217;h\u00e9sitez pas \u00e0 nous contacter.<\/p><p>De plus, nous proposons des emballages ainsi que des services d&#8217;exp\u00e9dition internationale. Ces services sont disponibles pour les petites comme pour les grandes quantit\u00e9s.<\/p>\t\t\t\t\t\t\t\t<\/div>\n\t\t\t\t<\/div>\n\t\t<!-- dce invisible element 2cb3811 -->\t\t<div class=\"elementor-element elementor-element-b019056 elementor-widget elementor-widget-text-editor\" data-id=\"b019056\" data-element_type=\"widget\" data-e-type=\"widget\" data-no-translation=\"\" data-widget_type=\"text-editor.default\">\n\t\t\t\t<div class=\"elementor-widget-container\">\n\t\t\t\t\t<style>.elementor-element-b019056{display:none !important}<\/style>\t\t\t\t<\/div>\n\t\t\t\t<\/div>\n\t\t<!-- dce invisible element 0b9b9df -->\t\t<div class=\"elementor-element elementor-element-a643d08 elementor-widget elementor-widget-text-editor\" data-id=\"a643d08\" data-element_type=\"widget\" data-e-type=\"widget\" data-no-translation=\"\" data-widget_type=\"text-editor.default\">\n\t\t\t\t<div class=\"elementor-widget-container\">\n\t\t\t\t\t<style>.elementor-element-a643d08{display:none !important}<\/style>\t\t\t\t<\/div>\n\t\t\t\t<\/div>\n\t\t<!-- dce invisible element a44f7a6 -->\t\t<div class=\"elementor-element elementor-element-663e676 elementor-widget elementor-widget-text-editor\" data-id=\"663e676\" data-element_type=\"widget\" data-e-type=\"widget\" data-no-translation=\"\" data-widget_type=\"text-editor.default\">\n\t\t\t\t<div class=\"elementor-widget-container\">\n\t\t\t\t\t<style>.elementor-element-663e676{display:none !important}<\/style>\t\t\t\t<\/div>\n\t\t\t\t<\/div>\n\t\t<!-- dce invisible element 4b1297d -->\t\t<div class=\"elementor-element elementor-element-f643f54 elementor-widget elementor-widget-text-editor\" data-id=\"f643f54\" data-element_type=\"widget\" data-e-type=\"widget\" data-no-translation=\"\" data-widget_type=\"text-editor.default\">\n\t\t\t\t<div class=\"elementor-widget-container\">\n\t\t\t\t\t<style>.elementor-element-f643f54{display:none !important}<\/style>\t\t\t\t<\/div>\n\t\t\t\t<\/div>\n\t\t\t\t<div class=\"elementor-element elementor-element-07a4ea5 elementor-widget elementor-widget-heading\" data-id=\"07a4ea5\" data-element_type=\"widget\" data-e-type=\"widget\" data-widget_type=\"heading.default\">\n\t\t\t\t<div class=\"elementor-widget-container\">\n\t\t\t\t\t<h2 class=\"elementor-heading-title elementor-size-default\">Coordonn\u00e9es<\/h2>\t\t\t\t<\/div>\n\t\t\t\t<\/div>\n\t\t\t\t<div class=\"elementor-element elementor-element-19fd1f7 elementor-widget-divider--view-line elementor-widget elementor-widget-divider\" data-id=\"19fd1f7\" data-element_type=\"widget\" data-e-type=\"widget\" data-widget_type=\"divider.default\">\n\t\t\t\t<div class=\"elementor-widget-container\">\n\t\t\t\t\t\t\t<div class=\"elementor-divider\">\n\t\t\t<span class=\"elementor-divider-separator\">\n\t\t\t\t\t\t<\/span>\n\t\t<\/div>\n\t\t\t\t\t\t<\/div>\n\t\t\t\t<\/div>\n\t\t\t\t<div class=\"elementor-element elementor-element-1e29b45 elementor-widget elementor-widget-text-editor\" data-id=\"1e29b45\" data-element_type=\"widget\" data-e-type=\"widget\" data-widget_type=\"text-editor.default\">\n\t\t\t\t<div class=\"elementor-widget-container\">\n\t\t\t\t\t\t\t\t\t<p>Office Addrsss:26F-3, No.03, Zihciang 3rd Rd., \nLing-ya Dist., Kaohsiung City 80245, Taiwan( R.O.C )<\/p><p>Warehouse Address:No.293-61,Fenglin 2nd RD, Daliao Dist, Kaohsiung City 80245, Taiwan( R.O.C )<\/p><p>num\u00e9ro de t\u00e9l\u00e9phone:+8867873361<\/p><p>num\u00e9ro de t\u00e9l\u00e9phone portable:+886981621367 (Mr.Danesh)<\/p><p>\u806f\u7e6b\u624b\u6a5f\uff1a+886988823092 (\u6d2a\u5c0f\u59d0)<\/p><p>adresse e-mail: dhm.hydraulic.co@gmail.com<\/p>\t\t\t\t\t\t\t\t<\/div>\n\t\t\t\t<\/div>\n\t\t\t\t<div class=\"elementor-element elementor-element-0f97c99 elementor-widget elementor-widget-heading\" data-id=\"0f97c99\" data-element_type=\"widget\" data-e-type=\"widget\" data-widget_type=\"heading.default\">\n\t\t\t\t<div class=\"elementor-widget-container\">\n\t\t\t\t\t<h2 class=\"elementor-heading-title elementor-size-default\">Finacial Information<\/h2>\t\t\t\t<\/div>\n\t\t\t\t<\/div>\n\t\t\t\t<div class=\"elementor-element elementor-element-6f4dc0b elementor-widget-divider--view-line elementor-widget elementor-widget-divider\" data-id=\"6f4dc0b\" data-element_type=\"widget\" data-e-type=\"widget\" data-widget_type=\"divider.default\">\n\t\t\t\t<div class=\"elementor-widget-container\">\n\t\t\t\t\t\t\t<div class=\"elementor-divider\">\n\t\t\t<span class=\"elementor-divider-separator\">\n\t\t\t\t\t\t<\/span>\n\t\t<\/div>\n\t\t\t\t\t\t<\/div>\n\t\t\t\t<\/div>\n\t\t\t\t<div class=\"elementor-element elementor-element-2cbb4ff elementor-widget elementor-widget-text-editor\" data-id=\"2cbb4ff\" data-element_type=\"widget\" data-e-type=\"widget\" data-widget_type=\"text-editor.default\">\n\t\t\t\t<div class=\"elementor-widget-container\">\n\t\t\t\t\t\t\t\t\t<p>VAT\uff1a54106775<\/p>\n<p>Account Name:DHM HYDRAULIC CO., LTD.<\/p>\n<p>Bank Name:E.SUN COMMERCIAL BANK, LTD.<\/p>\n<p>Account no.:0750-441-006819<\/p>\n<p>Swift Code\uff1aESUNTWTP<\/p>\t\t\t\t\t\t\t\t<\/div>\n\t\t\t\t<\/div>\n\t\t\t\t\t<\/div>\n\t\t<\/div>\n\t\t\t\t\t<\/div>\n\t\t<\/section>\n\t\t\t\t<\/div>","protected":false},"excerpt":{"rendered":"<p>\u95dc\u65bc DHM for\u7c21\u9ad4\u4e2d\u6587\u7248 \u6211\u4eec\u63d0\u4f9b\u8bb8\u591a\u4e0d\u540c\u7c7b\u578b\u7684\u6cb9\u538b\u8bbe\u5907\uff0c\u4f8b\u5982\u7528\u4e8e\u5927\u578b\u519c\u4e1a\uff0c\u5efa\u7b51\u8bbe\u5907\uff0c\u8239\u8236\u548c\u5de5\u4e1a\u673a\u68b0\u7684\u6cb9 [&hellip;]<\/p>","protected":false},"author":1,"featured_media":0,"parent":0,"menu_order":0,"comment_status":"closed","ping_status":"closed","template":"","meta":{"footnotes":""},"class_list":["post-272","page","type-page","status-publish","hentry"],"_links":{"self":[{"href":"https:\/\/dhmhydraulic.com\/fr\/wp-json\/wp\/v2\/pages\/272","targetHints":{"allow":["GET"]}}],"collection":[{"href":"https:\/\/dhmhydraulic.com\/fr\/wp-json\/wp\/v2\/pages"}],"about":[{"href":"https:\/\/dhmhydraulic.com\/fr\/wp-json\/wp\/v2\/types\/page"}],"author":[{"embeddable":true,"href":"https:\/\/dhmhydraulic.com\/fr\/wp-json\/wp\/v2\/users\/1"}],"replies":[{"embeddable":true,"href":"https:\/\/dhmhydraulic.com\/fr\/wp-json\/wp\/v2\/comments?post=272"}],"version-history":[{"count":3,"href":"https:\/\/dhmhydraulic.com\/fr\/wp-json\/wp\/v2\/pages\/272\/revisions"}],"predecessor-version":[{"id":9982,"href":"https:\/\/dhmhydraulic.com\/fr\/wp-json\/wp\/v2\/pages\/272\/revisions\/9982"}],"wp:attachment":[{"href":"https:\/\/dhmhydraulic.com\/fr\/wp-json\/wp\/v2\/media?parent=272"}],"curies":[{"name":"wp","href":"https:\/\/api.w.org\/{rel}","templated":true}]}}